{"id":6885,"date":"2020-09-16T16:53:01","date_gmt":"2020-09-16T15:53:01","guid":{"rendered":"https:\/\/aviopub.si\/catering\/"},"modified":"2021-06-10T12:29:49","modified_gmt":"2021-06-10T11:29:49","slug":"catering","status":"publish","type":"page","link":"https:\/\/aviopub.si\/fr\/catering\/","title":{"rendered":"Catering"},"content":{"rendered":"<div class=\"wpb-content-wrapper\"><p>[vc_row content_placement=&#8221;middle&#8221; row_content_width=&#8221;grid&#8221; css=&#8221;.vc_custom_1600272224555{padding-top: 100px !important;padding-bottom: 270px !important;}&#8221; el_class=&#8221;.mkdf-di-holder-right&#8221;][vc_column offset=&#8221;vc_col-lg-6 vc_col-md-12&#8243;]<div class=\"mkdf-elements-holder   mkdf-one-column  mkdf-responsive-mode-768 \" ><div class=\"mkdf-eh-item    \"  data-item-class=\"mkdf-eh-custom-4440\" data-1025-1366=\"32% 12% 0 0%\" data-769-1024=\"27.5% 14% 0 8%\" data-681-768=\"24% 7% 5%\" data-680=\"5% 0 0 0\">\n\t<div class=\"mkdf-eh-item-inner\">\n\t\t<div class=\"mkdf-eh-item-content mkdf-eh-custom-4440\" style=\"padding: 27% 12% 0 5%\">\n\t\t\t<div class=\"mkdf-section-title-holder  mkdf-st-standard mkdf-st-title-left mkdf-st-normal-space \" >\n\t<div class=\"mkdf-st-inner\">\n\t\t\t\t\t<h2 class=\"mkdf-st-title\" >\n\t\t\t\tCatering\t\t\t<\/h2>\n\t\t\t\t<div class=\"mkdf-separator-holder clearfix   \">\n\t<div class=\"mkdf-separator\" style=\"width: 80px;border-bottom-width: 2px\"><\/div>\n<\/div>\n\t\t\t\t\t<p class=\"mkdf-st-text\" style=\"color: #4e4e4e;font-size: 20px;line-height: 32px\">\n\t\t\t\tNotre personnel professionnel s'assure toujours que tous les plats sont pr\u00e9par\u00e9s avec soin, \u00e0 partir d'ingr\u00e9dients de la plus haute qualit\u00e9. Nous pr\u00e9parons chaque catering \u00e0 votre commande, et nous sommes heureux de vous conseiller sur le choix et la quantit\u00e9 les plus appropri\u00e9s. Selon vos souhaits, nous nous chargeons \u00e9galement d'une pr\u00e9sentation tr\u00e8s attractive, et nous vous servons une boisson selon vos souhaits.\t\t\t<\/p>\n\t\t\t<\/div>\n<\/div>[vc_empty_space height=&#8221;46px&#8221;]<a itemprop=\"url\" href=\"https:\/\/aviopub.si\/fr\/kontakt\" target=\"_self\"  class=\"mkdf-btn mkdf-btn-medium mkdf-btn-solid\"  >\n    <span class=\"mkdf-btn-text\">Contact<\/span>\n    <\/a>\t\t<\/div>\n\t<\/div>\n<\/div><\/div>[\/vc_column][vc_column offset=&#8221;vc_col-lg-6 vc_col-md-12&#8243;]<div class=\"mkdf-elements-holder   mkdf-one-column  mkdf-responsive-mode-768 mkdf-one-column-alignment-center\" ><div class=\"mkdf-eh-item    \"  data-item-class=\"mkdf-eh-custom-5430\" data-769-1024=\"27.5% 14% 0 8%\" data-681-768=\"24% 7% 5%\" data-680=\"10% 0 0 42%\">\n\t<div class=\"mkdf-eh-item-inner\">\n\t\t<div class=\"mkdf-eh-item-content mkdf-eh-custom-5430\" >\n\t\t\t<div class=\"mkdf-dual-image-holder  mkdf-dual-image-position-left mkdf-image-parallax mkdf-image-appear\">\n    <div class=\"mkdf-di-main-image\"  data-parallax='{\"y\":75, \"smoothness\":10}' >\n        <div class=\"mkdf-image-wrapper\">\n                            <img loading=\"lazy\" decoding=\"async\" width=\"351\" height=\"351\" src=\"https:\/\/aviopub.si\/wp-content\/uploads\/2020\/09\/catering10.jpg\" class=\"attachment-full size-full\" alt=\"\" srcset=\"https:\/\/aviopub.si\/wp-content\/uploads\/2020\/09\/catering10.jpg 351w, https:\/\/aviopub.si\/wp-content\/uploads\/2020\/09\/catering10-300x300.jpg 300w, https:\/\/aviopub.si\/wp-content\/uploads\/2020\/09\/catering10-150x150.jpg 150w\" sizes=\"auto, (max-width: 351px) 100vw, 351px\" \/>                    <\/div>\n    <\/div>\n    <div class=\"mkdf-di-second-image\"  data-parallax='{\"y\":25, \"smoothness\":10}' >\n        <div class=\"mkdf-image-wrapper\">\n    \t\t    \t\t\t<img loading=\"lazy\" decoding=\"async\" width=\"378\" height=\"575\" src=\"https:\/\/aviopub.si\/wp-content\/uploads\/2020\/09\/catering-9.jpg\" class=\"attachment-full size-full\" alt=\"\" srcset=\"https:\/\/aviopub.si\/wp-content\/uploads\/2020\/09\/catering-9.jpg 378w, https:\/\/aviopub.si\/wp-content\/uploads\/2020\/09\/catering-9-197x300.jpg 197w\" sizes=\"auto, (max-width: 378px) 100vw, 378px\" \/>    \t\t        <\/div>\n    <\/div>\n<\/div>\t\t<\/div>\n\t<\/div>\n<\/div><\/div>[\/vc_column][\/vc_row][vc_row][vc_column][vc_column_text el_id=&#8221;language-switcher-float&#8221;]\n<div class=\"wpml-ls-statics-shortcode_actions wpml-ls wpml-ls-legacy-list-horizontal\">\n\t<ul role=\"menu\"><li class=\"wpml-ls-slot-shortcode_actions wpml-ls-item wpml-ls-item-sl wpml-ls-first-item wpml-ls-item-legacy-list-horizontal\" role=\"none\">\n\t\t\t\t<a href=\"https:\/\/aviopub.si\/\" class=\"wpml-ls-link\" role=\"menuitem\"  aria-label=\"Passer \u00e0 Slov\u00e8ne\" title=\"Passer \u00e0 Slov\u00e8ne\" >\n                                                        <img decoding=\"async\"\n            class=\"wpml-ls-flag\"\n            src=\"https:\/\/aviopub.si\/wp-content\/plugins\/sitepress-multilingual-cms\/res\/flags\/sl.png\"\n            alt=\"Slov\u00e8ne\"\n            width=18\n            height=12\n    \/><\/a>\n\t\t\t<\/li><li class=\"wpml-ls-slot-shortcode_actions wpml-ls-item wpml-ls-item-en wpml-ls-item-legacy-list-horizontal\" role=\"none\">\n\t\t\t\t<a href=\"https:\/\/aviopub.si\/en\/\" class=\"wpml-ls-link\" role=\"menuitem\"  aria-label=\"Passer \u00e0 Anglais\" title=\"Passer \u00e0 Anglais\" >\n                                                        <img decoding=\"async\"\n            class=\"wpml-ls-flag\"\n            src=\"https:\/\/aviopub.si\/wp-content\/plugins\/sitepress-multilingual-cms\/res\/flags\/en.png\"\n            alt=\"Anglais\"\n            width=18\n            height=12\n    \/><\/a>\n\t\t\t<\/li><li class=\"wpml-ls-slot-shortcode_actions wpml-ls-item wpml-ls-item-it wpml-ls-item-legacy-list-horizontal\" role=\"none\">\n\t\t\t\t<a href=\"https:\/\/aviopub.si\/it\/\" class=\"wpml-ls-link\" role=\"menuitem\"  aria-label=\"Passer \u00e0 Italien\" title=\"Passer \u00e0 Italien\" >\n                                                        <img decoding=\"async\"\n            class=\"wpml-ls-flag\"\n            src=\"https:\/\/aviopub.si\/wp-content\/plugins\/sitepress-multilingual-cms\/res\/flags\/it.png\"\n            alt=\"Italien\"\n            width=18\n            height=12\n    \/><\/a>\n\t\t\t<\/li><li class=\"wpml-ls-slot-shortcode_actions wpml-ls-item wpml-ls-item-de wpml-ls-last-item wpml-ls-item-legacy-list-horizontal\" role=\"none\">\n\t\t\t\t<a href=\"https:\/\/aviopub.si\/de\/\" class=\"wpml-ls-link\" role=\"menuitem\"  aria-label=\"Passer \u00e0 Allemand\" title=\"Passer \u00e0 Allemand\" >\n                                                        <img decoding=\"async\"\n            class=\"wpml-ls-flag\"\n            src=\"https:\/\/aviopub.si\/wp-content\/plugins\/sitepress-multilingual-cms\/res\/flags\/de.png\"\n            alt=\"Allemand\"\n            width=18\n            height=12\n    \/><\/a>\n\t\t\t<\/li><\/ul>\n<\/div>\n[\/vc_column_text][\/vc_column][\/vc_row]<\/p>\n<\/div>","protected":false},"excerpt":{"rendered":"<p>[vc_row content_placement=&#8221;middle&#8221; row_content_width=&#8221;grid&#8221; css=&#8221;.vc_custom_1600272224555{padding-top: 100px !important;padding-bottom: 270px !important;}&#8221; el_class=&#8221;.mkdf-di-holder-right&#8221;][vc_column offset=&#8221;vc_col-lg-6 vc_col-md-12&#8243;][\/vc_column][vc_column offset=&#8221;vc_col-lg-6 vc_col-md-12&#8243;][\/vc_column][\/vc_row][vc_row][vc_column][vc_column_text el_id=&#8221;language-switcher-float&#8221;][\/vc_column_text][\/vc_column][\/vc_row]<\/p>\n","protected":false},"author":1,"featured_media":0,"parent":0,"menu_order":0,"comment_status":"closed","ping_status":"closed","template":"","meta":{"footnotes":""},"class_list":["post-6885","page","type-page","status-publish","hentry"],"_links":{"self":[{"href":"https:\/\/aviopub.si\/fr\/wp-json\/wp\/v2\/pages\/6885","targetHints":{"allow":["GET"]}}],"collection":[{"href":"https:\/\/aviopub.si\/fr\/wp-json\/wp\/v2\/pages"}],"about":[{"href":"https:\/\/aviopub.si\/fr\/wp-json\/wp\/v2\/types\/page"}],"author":[{"embeddable":true,"href":"https:\/\/aviopub.si\/fr\/wp-json\/wp\/v2\/users\/1"}],"replies":[{"embeddable":true,"href":"https:\/\/aviopub.si\/fr\/wp-json\/wp\/v2\/comments?post=6885"}],"version-history":[{"count":6,"href":"https:\/\/aviopub.si\/fr\/wp-json\/wp\/v2\/pages\/6885\/revisions"}],"predecessor-version":[{"id":7321,"href":"https:\/\/aviopub.si\/fr\/wp-json\/wp\/v2\/pages\/6885\/revisions\/7321"}],"wp:attachment":[{"href":"https:\/\/aviopub.si\/fr\/wp-json\/wp\/v2\/media?parent=6885"}],"curies":[{"name":"wp","href":"https:\/\/api.w.org\/{rel}","templated":true}]}}