{"id":6921,"date":"2020-09-16T09:38:39","date_gmt":"2020-09-16T08:38:39","guid":{"rendered":"https:\/\/aviopub.si\/predstavitev\/"},"modified":"2021-06-09T09:46:32","modified_gmt":"2021-06-09T08:46:32","slug":"predstavitev","status":"publish","type":"page","link":"https:\/\/aviopub.si\/de\/predstavitev\/","title":{"rendered":"Vorstellung"},"content":{"rendered":"<div class=\"wpb-content-wrapper\"><p>[vc_row disable_background_image=&#8221;&#8221; content_text_aligment=&#8221;center&#8221; simple_background_image=&#8221;368&#8243; css=&#8221;.vc_custom_1530184163068{padding-top: 159px !important;padding-bottom: 161px !important;}&#8221; background_image_position=&#8221;center&#8221;][vc_column]<div class=\"mkdf-elements-holder   mkdf-one-column  mkdf-responsive-mode-768 \" ><div class=\"mkdf-eh-item    \"  data-item-class=\"mkdf-eh-custom-8740\" data-1025-1366=\"0px 27%\" data-769-1024=\"0px 19%\" data-681-768=\"0px 9%\" data-680=\"0px 2%\">\n\t<div class=\"mkdf-eh-item-inner\">\n\t\t<div class=\"mkdf-eh-item-content mkdf-eh-custom-8740\" style=\"padding: 0px 30%\">\n\t\t\t<div class=\"mkdf-section-title-holder  mkdf-st-standard mkdf-st-title-left mkdf-st-normal-space \" >\n\t<div class=\"mkdf-st-inner\">\n\t\t\t\t\t<h2 class=\"mkdf-st-title\" >\n\t\t\t\tRAVE d.o.o.\t\t\t<\/h2>\n\t\t\t\t<div class=\"mkdf-separator-holder clearfix   \">\n\t<div class=\"mkdf-separator\" style=\"width: 80px;border-bottom-width: 2px\"><\/div>\n<\/div>\n\t\t\t\t\t<p class=\"mkdf-st-text\" style=\"color: #4e4e4e;font-size: 20px;line-height: 32px;font-weight: 300\">\n\t\t\t\tDas Unternehmen RAVE d.o.o. wurde im Jahr 2003 von Robert \u010cebokelj gegr\u00fcndet. Im Laufe der Jahre hat das gesamte Team des Unternehmens alle Hindernisse erfolgreich \u00fcberwunden und hart daran gearbeitet, das Wachstum sicherzustellen. Das Unternehmen hat zwei Niederlassungen: Kantina Pivka in dem Park der Milit\u00e4rgeschichte Pivka, und Aviopub neben dem Sportflughafen in Postojna. Sowohl Kantina Pivka als auch Aviopub sind vor allem f\u00fcr ihr exzellentes Essen und ihr au\u00dfergew\u00f6hnliches Ambiente bekannt. Ihr Angebot ist weit und breit bekannt. Das Angebot wird regelm\u00e4\u00dfig aktualisiert und angepasst.\t\t\t<\/p>\n\t\t\t<\/div>\n<\/div>[vc_column_text el_id=&#8221;language-switcher-float&#8221;]\n<div class=\"wpml-ls-statics-shortcode_actions wpml-ls wpml-ls-legacy-list-horizontal\">\n\t<ul role=\"menu\"><li class=\"wpml-ls-slot-shortcode_actions wpml-ls-item wpml-ls-item-sl wpml-ls-first-item wpml-ls-item-legacy-list-horizontal\" role=\"none\">\n\t\t\t\t<a href=\"https:\/\/aviopub.si\/\" class=\"wpml-ls-link\" role=\"menuitem\"  aria-label=\"Zu Slowenisch wechseln\" title=\"Zu Slowenisch wechseln\" >\n                                                        <img decoding=\"async\"\n            class=\"wpml-ls-flag\"\n            src=\"https:\/\/aviopub.si\/wp-content\/plugins\/sitepress-multilingual-cms\/res\/flags\/sl.png\"\n            alt=\"Slowenisch\"\n            width=18\n            height=12\n    \/><\/a>\n\t\t\t<\/li><li class=\"wpml-ls-slot-shortcode_actions wpml-ls-item wpml-ls-item-en wpml-ls-item-legacy-list-horizontal\" role=\"none\">\n\t\t\t\t<a href=\"https:\/\/aviopub.si\/en\/\" class=\"wpml-ls-link\" role=\"menuitem\"  aria-label=\"Zu Englisch wechseln\" title=\"Zu Englisch wechseln\" >\n                                                        <img decoding=\"async\"\n            class=\"wpml-ls-flag\"\n            src=\"https:\/\/aviopub.si\/wp-content\/plugins\/sitepress-multilingual-cms\/res\/flags\/en.png\"\n            alt=\"Englisch\"\n            width=18\n            height=12\n    \/><\/a>\n\t\t\t<\/li><li class=\"wpml-ls-slot-shortcode_actions wpml-ls-item wpml-ls-item-it wpml-ls-item-legacy-list-horizontal\" role=\"none\">\n\t\t\t\t<a href=\"https:\/\/aviopub.si\/it\/\" class=\"wpml-ls-link\" role=\"menuitem\"  aria-label=\"Zu Italienisch wechseln\" title=\"Zu Italienisch wechseln\" >\n                                                        <img decoding=\"async\"\n            class=\"wpml-ls-flag\"\n            src=\"https:\/\/aviopub.si\/wp-content\/plugins\/sitepress-multilingual-cms\/res\/flags\/it.png\"\n            alt=\"Italienisch\"\n            width=18\n            height=12\n    \/><\/a>\n\t\t\t<\/li><li class=\"wpml-ls-slot-shortcode_actions wpml-ls-item wpml-ls-item-fr wpml-ls-last-item wpml-ls-item-legacy-list-horizontal\" role=\"none\">\n\t\t\t\t<a href=\"https:\/\/aviopub.si\/fr\/\" class=\"wpml-ls-link\" role=\"menuitem\"  aria-label=\"Zu Franz\u00f6sisch wechseln\" title=\"Zu Franz\u00f6sisch wechseln\" >\n                                                        <img decoding=\"async\"\n            class=\"wpml-ls-flag\"\n            src=\"https:\/\/aviopub.si\/wp-content\/plugins\/sitepress-multilingual-cms\/res\/flags\/fr.png\"\n            alt=\"Franz\u00f6sisch\"\n            width=18\n            height=12\n    \/><\/a>\n\t\t\t<\/li><\/ul>\n<\/div>\n[\/vc_column_text]\t\t<\/div>\n\t<\/div>\n<\/div><\/div>[\/vc_column][\/vc_row][vc_row content_text_aligment=&#8221;center&#8221; parallax_background_image=&#8221;4952&#8243;][vc_column]<div class=\"mkdf-elements-holder   mkdf-one-column  mkdf-responsive-mode-768 \" ><div class=\"mkdf-eh-item   mkdf-horizontal-alignment-center \"  data-item-class=\"mkdf-eh-custom-6775\" data-1025-1366=\"3.4% 0\" data-769-1024=\"10.8% 0\" data-681-768=\"9.7% 0\" data-680=\"0 0\">\n\t<div class=\"mkdf-eh-item-inner\">\n\t\t<div class=\"mkdf-eh-item-content mkdf-eh-custom-6775\" style=\"padding: 10.2% 0\">\n\t\t\t<div class=\"mkdf-video-button-holder  \">\n\t<div class=\"mkdf-video-button-image\">\n\t\t\t<\/div>\n\t\t\t<a class=\"mkdf-video-button-play\"  href=\"https:\/\/vimeo.com\/471681557\" data-rel=\"prettyPhoto[video_button_pretty_photo_282]\">\n\t\t\t<span class=\"mkdf-video-button-play-inner\">\n\t\t\t\t<span class=\"mkdf-video-button-holder\">\n\t\t\t\t\t<svg class=\"mkdf-video-button\"  xmlns=\"http:\/\/www.w3.org\/2000\/svg\" xmlns:xlink=\"http:\/\/www.w3.org\/1999\/xlink\" x=\"0px\" y=\"0px\"\n\t\t\t\t\t\t width=\"250.487px\" height=\"250.488px\" viewBox=\"0 0 250.487 250.488\" enable-background=\"new 0 0 250.487 250.488\"\n\t\t\t\t\t\t xml:space=\"preserve\">\n\t\t\t\t\t<g>\n\t\t\t\t\t\t<path fill=\"#FFFFFF\" d=\"M125.243,0C56.073,0,0,56.074,0,125.244s56.073,125.244,125.243,125.244\n\t\t\t\t\t\t\tc69.171,0,125.244-56.074,125.244-125.244S194.414,0,125.243,0z M107.399,197.398l0.135-144.309l55.555,72.223L107.399,197.398z\"\/>\n\t\t\t\t\t<\/g>\n\t\t\t\t\t<\/svg>\n\t\t\t\t<\/span>\n\t\t\t<\/span>\n\t\t<\/a>\n\t<\/div>\n\n\t\t<\/div>\n\t<\/div>\n<\/div><\/div>[\/vc_column][\/vc_row][vc_row content_placement=&#8221;middle&#8221; row_content_width=&#8221;grid&#8221; css=&#8221;.vc_custom_1600259270354{padding-top: 75px !important;padding-bottom: 75px !important;}&#8221;][vc_column width=&#8221;1\/4&#8243; css=&#8221;.vc_custom_1600259253081{padding-top: 25px !important;padding-bottom: 25px !important;}&#8221;][vc_single_image image=&#8221;6924&#8243; img_size=&#8221;medium&#8221; alignment=&#8221;center&#8221; onclick=&#8221;custom_link&#8221; link=&#8221;https:\/\/www.tripadvisor.com\/Restaurant_Review-g274878-d1183874-Reviews-Avio_Pub-Postojna_Inner_Carniola_Region.html&#8221;][\/vc_column][vc_column width=&#8221;3\/4&#8243; css=&#8221;.vc_custom_1600259248514{padding-top: 25px !important;padding-bottom: 25px !important;}&#8221;]<div class=\"mkdf-section-title-holder  mkdf-st-standard mkdf-st-title-left mkdf-st-normal-space \" >\n\t<div class=\"mkdf-st-inner\">\n\t\t\t\t\t<h2 class=\"mkdf-st-title\" >\n\t\t\t\tDie erste Wahl\t\t\t<\/h2>\n\t\t\t\t<div class=\"mkdf-separator-holder clearfix   \">\n\t<div class=\"mkdf-separator\" style=\"width: 80px;border-bottom-width: 2px\"><\/div>\n<\/div>\n\t\t\t\t\t<p class=\"mkdf-st-text\" style=\"font-size: 20px;line-height: 32px\">\n\t\t\t\tAufgrund von Millionen der Bewertungen und Meinungen von Reisenden aus der ganzen Welt bedeutete diese j\u00e4hrliche Auszeichnung die besten Reiseziele in verschiedenen Kategorien aus, zu denen auch unser Restaurant hingeh\u00f6rt.\t\t\t<\/p>\n\t\t\t<\/div>\n<\/div>[\/vc_column][\/vc_row]<\/p>\n<\/div>","protected":false},"excerpt":{"rendered":"<p>[vc_row disable_background_image=&#8221;&#8221; content_text_aligment=&#8221;center&#8221; simple_background_image=&#8221;368&#8243; css=&#8221;.vc_custom_1530184163068{padding-top: 159px !important;padding-bottom: 161px !important;}&#8221; background_image_position=&#8221;center&#8221;][vc_column][\/vc_column][\/vc_row][vc_row content_text_aligment=&#8221;center&#8221; parallax_background_image=&#8221;4952&#8243;][vc_column][\/vc_column][\/vc_row][vc_row content_placement=&#8221;middle&#8221; row_content_width=&#8221;grid&#8221; css=&#8221;.vc_custom_1600259270354{padding-top: 75px !important;padding-bottom: 75px !important;}&#8221;][vc_column width=&#8221;1\/4&#8243; css=&#8221;.vc_custom_1600259253081{padding-top: 25px !important;padding-bottom: 25px !important;}&#8221;][vc_single_image image=&#8221;6924&#8243; img_size=&#8221;medium&#8221; alignment=&#8221;center&#8221; onclick=&#8221;custom_link&#8221; link=&#8221;https:\/\/www.tripadvisor.com\/Restaurant_Review-g274878-d1183874-Reviews-Avio_Pub-Postojna_Inner_Carniola_Region.html&#8221;][\/vc_column][vc_column width=&#8221;3\/4&#8243; css=&#8221;.vc_custom_1600259248514{padding-top: 25px !important;padding-bottom: 25px !important;}&#8221;][\/vc_column][\/vc_row]<\/p>\n","protected":false},"author":1,"featured_media":0,"parent":0,"menu_order":0,"comment_status":"closed","ping_status":"closed","template":"full-width.php","meta":{"footnotes":""},"class_list":["post-6921","page","type-page","status-publish","hentry"],"_links":{"self":[{"href":"https:\/\/aviopub.si\/de\/wp-json\/wp\/v2\/pages\/6921","targetHints":{"allow":["GET"]}}],"collection":[{"href":"https:\/\/aviopub.si\/de\/wp-json\/wp\/v2\/pages"}],"about":[{"href":"https:\/\/aviopub.si\/de\/wp-json\/wp\/v2\/types\/page"}],"author":[{"embeddable":true,"href":"https:\/\/aviopub.si\/de\/wp-json\/wp\/v2\/users\/1"}],"replies":[{"embeddable":true,"href":"https:\/\/aviopub.si\/de\/wp-json\/wp\/v2\/comments?post=6921"}],"version-history":[{"count":5,"href":"https:\/\/aviopub.si\/de\/wp-json\/wp\/v2\/pages\/6921\/revisions"}],"predecessor-version":[{"id":7311,"href":"https:\/\/aviopub.si\/de\/wp-json\/wp\/v2\/pages\/6921\/revisions\/7311"}],"wp:attachment":[{"href":"https:\/\/aviopub.si\/de\/wp-json\/wp\/v2\/media?parent=6921"}],"curies":[{"name":"wp","href":"https:\/\/api.w.org\/{rel}","templated":true}]}}